{"id":4,"date":"2020-11-09T23:30:45","date_gmt":"2020-11-09T23:30:45","guid":{"rendered":"https:\/\/startertemplatecloud.com\/g01\/?page_id=4"},"modified":"2026-03-30T16:49:26","modified_gmt":"2026-03-30T16:49:26","slug":"home","status":"publish","type":"page","link":"https:\/\/vrbaukonzept.de\/","title":{"rendered":"Startseite"},"content":{"rendered":"<style>.kb-row-layout-id4_8c9638-34 > .kt-row-column-wrap{align-content:start;}:where(.kb-row-layout-id4_8c9638-34 > .kt-row-column-wrap) > .wp-block-kadence-column{justify-content:start;}.kb-row-layout-id4_8c9638-34 > .kt-row-column-wrap{column-gap:var(--global-kb-gap-md, 2rem);row-gap:var(--global-kb-gap-none, 0rem );padding-top:0px;padding-bottom:var(--global-kb-spacing-sm, 1.5rem);grid-template-columns:minmax(0, 1fr);}.kb-row-layout-id4_8c9638-34 > .kt-row-layout-overlay{opacity:0.30;}.kb-row-layout-id4_8c9638-34 .kt-row-layout-top-sep{height:100px;}.kb-row-layout-id4_8c9638-34 .kt-row-layout-top-sep svg{width:100%;}.kb-row-layout-id4_8c9638-34 .kt-row-layout-top-sep svg{fill:#ffffff!important;}@media all and (max-width: 1024px){.kb-row-layout-id4_8c9638-34 > .kt-row-column-wrap{grid-template-columns:minmax(0, 1fr);}}@media all and (max-width: 767px){.kb-row-layout-id4_8c9638-34 > .kt-row-column-wrap{grid-template-columns:minmax(0, 1fr);}}<\/style><div class=\"kb-row-layout-wrap kb-row-layout-id4_8c9638-34 alignnone wp-block-kadence-rowlayout\"><div class=\"kt-row-column-wrap kt-has-1-columns kt-row-layout-equal kt-tab-layout-inherit kt-mobile-layout-row kt-row-valign-top\">\n<style>.kadence-column4_a9a0c4-f6 > .kt-inside-inner-col{display:flex;}.kadence-column4_a9a0c4-f6 > .kt-inside-inner-col,.kadence-column4_a9a0c4-f6 > .kt-inside-inner-col:before{border-top-left-radius:0px;border-top-right-radius:0px;border-bottom-right-radius:0px;border-bottom-left-radius:0px;}.kadence-column4_a9a0c4-f6 > .kt-inside-inner-col{column-gap:var(--global-kb-gap-sm, 1rem);}.kadence-column4_a9a0c4-f6 > .kt-inside-inner-col{flex-direction:column;justify-content:flex-end;}.kadence-column4_a9a0c4-f6 > .kt-inside-inner-col > .aligncenter{width:100%;}.kt-row-column-wrap > .kadence-column4_a9a0c4-f6{align-self:flex-end;}.kt-inner-column-height-full:not(.kt-has-1-columns) > .wp-block-kadence-column.kadence-column4_a9a0c4-f6{align-self:auto;}.kt-inner-column-height-full:not(.kt-has-1-columns) > .wp-block-kadence-column.kadence-column4_a9a0c4-f6 > .kt-inside-inner-col{flex-direction:column;justify-content:flex-end;}.kadence-column4_a9a0c4-f6 > .kt-inside-inner-col:before{opacity:0.3;}.kadence-column4_a9a0c4-f6{position:relative;}@media all and (max-width: 1024px){.kt-row-column-wrap > .kadence-column4_a9a0c4-f6{align-self:flex-end;}}@media all and (max-width: 1024px){.kt-inner-column-height-full:not(.kt-has-1-columns) > .wp-block-kadence-column.kadence-column4_a9a0c4-f6{align-self:auto;}}@media all and (max-width: 1024px){.kt-inner-column-height-full:not(.kt-has-1-columns) > .wp-block-kadence-column.kadence-column4_a9a0c4-f6 > .kt-inside-inner-col{flex-direction:column;justify-content:flex-end;}}@media all and (max-width: 1024px){.kadence-column4_a9a0c4-f6 > .kt-inside-inner-col{flex-direction:column;justify-content:flex-end;}}@media all and (max-width: 767px){.kt-row-column-wrap > .kadence-column4_a9a0c4-f6{align-self:flex-end;}.kt-inner-column-height-full:not(.kt-has-1-columns) > .wp-block-kadence-column.kadence-column4_a9a0c4-f6{align-self:auto;}.kt-inner-column-height-full:not(.kt-has-1-columns) > .wp-block-kadence-column.kadence-column4_a9a0c4-f6 > .kt-inside-inner-col{flex-direction:column;justify-content:flex-end;}.kadence-column4_a9a0c4-f6 > .kt-inside-inner-col{flex-direction:column;justify-content:flex-end;}}<\/style>\n<div class=\"wp-block-kadence-column kadence-column4_a9a0c4-f6\"><div class=\"kt-inside-inner-col\">\n<div class=\"wp-block-columns is-layout-flex wp-container-core-columns-is-layout-9d6595d7 wp-block-columns-is-layout-flex\">\n<div class=\"wp-block-column is-vertically-aligned-top is-layout-flow wp-block-column-is-layout-flow\" style=\"flex-basis:100%\"><style>.kb-gallery-id-4_617312-90 .kadence-blocks-gallery-item .kb-gal-image-radius, .kb-gallery-id-4_617312-90 .kb-slide-item .kb-gal-image-radius img{border-radius:0px 0px 0px 0px;;}.kb-gallery-id-4_617312-90 .kadence-blocks-gallery-item .kadence-blocks-gallery-item-inner .kadence-blocks-gallery-item__caption{font-size:var(--global-kb-font-size-xl, 3rem);font-family:var( --global-heading-font-family, inherit );font-weight:400;color:var(--global-palette9, #ffffff);}.kb-gallery-caption-style-cover-hover.kb-gallery-id-4_617312-90 .kadence-blocks-gallery-item .kadence-blocks-gallery-item-inner .kadence-blocks-gallery-item__caption, .kb-gallery-caption-style-below.kb-gallery-id-4_617312-90 .kadence-blocks-gallery-item .kadence-blocks-gallery-item-inner .kadence-blocks-gallery-item__caption{background:rgba(0, 0, 0, 0.2);}.kb-gallery-wrap-id-4_617312-90.wp-block-kadence-advancedgallery{overflow:visible;}.kb-gallery-wrap-id-4_617312-90.wp-block-kadence-advancedgallery .kt-blocks-carousel{overflow:visible;}@media all and (max-width: 1024px){.kb-gallery-id-4_617312-90 .kadence-blocks-gallery-item .kadence-blocks-gallery-item-inner .kadence-blocks-gallery-item__caption{font-size:var(--global-kb-font-size-xl, 3rem);}}@media all and (max-width: 767px){.kb-gallery-id-4_617312-90 .kadence-blocks-gallery-item .kadence-blocks-gallery-item-inner .kadence-blocks-gallery-item__caption{font-size:var(--global-kb-font-size-lg, 2rem);}}<\/style><div class=\"kb-gallery-wrap-id-4_617312-90 alignfull alignfull wp-block-kadence-advancedgallery\"><div class=\"kb-gallery-ul kb-gallery-non-static kb-gallery-type-slider kb-mobile-force-hover kb-gallery-id-4_617312-90 kb-gallery-caption-style-cover-hover kb-gallery-filter-none\" data-image-filter=\"none\" data-lightbox-caption=\"true\"><div class=\"kt-blocks-carousel splide kt-carousel-container-dotstyle-dark kt-carousel-arrowstyle-whiteondark kt-carousel-dotstyle-dark kb-slider-group-arrow kb-slider-arrow-position-center\" data-slider-anim-speed=\"2500\" data-slider-scroll=\"1\" data-slider-arrows=\"true\" data-slider-fade=\"true\" data-slider-dots=\"true\" data-slider-type=\"slider\" data-slider-hover-pause=\"false\" data-slider-auto=\"1\" data-slider-speed=\"7000\" data-show-pause-button=\"false\"><div class=\"splide__track\"><ul class=\"kt-blocks-carousel-init kb-blocks-slider splide__list\"><li class=\"kb-slide-item kb-gallery-slide-item splide__slide\"><div class=\"kadence-blocks-gallery-item\"><div class=\"kadence-blocks-gallery-item-inner\"><figure class=\"kb-gallery-figure kadence-blocks-gallery-item-has-caption\"><div class=\"kb-gal-image-radius\"><div class=\"kb-gallery-image-contain kadence-blocks-gallery-intrinsic kb-gallery-image-ratio-land31 kb-has-image-ratio-land31\" ><img loading=\"lazy\" decoding=\"async\" src=\"data:image\/svg+xml,%3Csvg%20xmlns='http:\/\/www.w3.org\/2000\/svg'%20viewBox='0%200%201000%20667'%3E%3C\/svg%3E\"  data-splide-lazy=\"https:\/\/vrbaukonzept.de\/wp-content\/uploads\/2026\/03\/bad_panorama_3000x1000-scaled.jpg\" width=\"2560\" height=\"853\" alt=\"\" data-full-image=\"https:\/\/vrbaukonzept.de\/wp-content\/uploads\/2026\/03\/bad_panorama_3000x1000-scaled.jpg\" data-light-image=\"https:\/\/vrbaukonzept.de\/wp-content\/uploads\/2026\/03\/bad_panorama_3000x1000-scaled.jpg\" data-splide-lazy-srcset=\"https:\/\/vrbaukonzept.de\/wp-content\/uploads\/2026\/03\/bad_panorama_3000x1000-scaled.jpg 2560w, https:\/\/vrbaukonzept.de\/wp-content\/uploads\/2026\/03\/bad_panorama_3000x1000-300x100.jpg 300w, https:\/\/vrbaukonzept.de\/wp-content\/uploads\/2026\/03\/bad_panorama_3000x1000-1024x341.jpg 1024w, https:\/\/vrbaukonzept.de\/wp-content\/uploads\/2026\/03\/bad_panorama_3000x1000-768x256.jpg 768w, https:\/\/vrbaukonzept.de\/wp-content\/uploads\/2026\/03\/bad_panorama_3000x1000-1536x512.jpg 1536w, https:\/\/vrbaukonzept.de\/wp-content\/uploads\/2026\/03\/bad_panorama_3000x1000-2048x683.jpg 2048w\" sizes=\"auto, (max-width: 2560px) 100vw, 2560px\"data-id=\"1750\" class=\"wp-image-1750 skip-lazy\"\/><\/div><div class=\"kadence-blocks-gallery-item__caption\">Badsanierung<\/div><\/div><\/figure><\/div><\/div><\/li><li class=\"kb-slide-item kb-gallery-slide-item splide__slide\"><div class=\"kadence-blocks-gallery-item\"><div class=\"kadence-blocks-gallery-item-inner\"><figure class=\"kb-gallery-figure kadence-blocks-gallery-item-has-caption\"><div class=\"kb-gal-image-radius\"><div class=\"kb-gallery-image-contain kadence-blocks-gallery-intrinsic kb-gallery-image-ratio-land31 kb-has-image-ratio-land31\" ><img loading=\"lazy\" decoding=\"async\" src=\"data:image\/svg+xml,%3Csvg%20xmlns='http:\/\/www.w3.org\/2000\/svg'%20viewBox='0%200%201000%20667'%3E%3C\/svg%3E\"  data-splide-lazy=\"https:\/\/vrbaukonzept.de\/wp-content\/uploads\/2026\/03\/fabrikloft_variation_3000x1000-scaled.jpg\" width=\"2560\" height=\"853\" alt=\"\" data-full-image=\"https:\/\/vrbaukonzept.de\/wp-content\/uploads\/2026\/03\/fabrikloft_variation_3000x1000-scaled.jpg\" data-light-image=\"https:\/\/vrbaukonzept.de\/wp-content\/uploads\/2026\/03\/fabrikloft_variation_3000x1000-scaled.jpg\" data-splide-lazy-srcset=\"https:\/\/vrbaukonzept.de\/wp-content\/uploads\/2026\/03\/fabrikloft_variation_3000x1000-scaled.jpg 2560w, https:\/\/vrbaukonzept.de\/wp-content\/uploads\/2026\/03\/fabrikloft_variation_3000x1000-300x100.jpg 300w, https:\/\/vrbaukonzept.de\/wp-content\/uploads\/2026\/03\/fabrikloft_variation_3000x1000-1024x341.jpg 1024w, https:\/\/vrbaukonzept.de\/wp-content\/uploads\/2026\/03\/fabrikloft_variation_3000x1000-768x256.jpg 768w, https:\/\/vrbaukonzept.de\/wp-content\/uploads\/2026\/03\/fabrikloft_variation_3000x1000-1536x512.jpg 1536w, https:\/\/vrbaukonzept.de\/wp-content\/uploads\/2026\/03\/fabrikloft_variation_3000x1000-2048x683.jpg 2048w\" sizes=\"auto, (max-width: 2560px) 100vw, 2560px\"data-id=\"1752\" class=\"wp-image-1752 skip-lazy\"\/><\/div><div class=\"kadence-blocks-gallery-item__caption\">Altbausanierung<\/div><\/div><\/figure><\/div><\/div><\/li><li class=\"kb-slide-item kb-gallery-slide-item splide__slide\"><div class=\"kadence-blocks-gallery-item\"><div class=\"kadence-blocks-gallery-item-inner\"><figure class=\"kb-gallery-figure kadence-blocks-gallery-item-has-caption\"><div class=\"kb-gal-image-radius\"><div class=\"kb-gallery-image-contain kadence-blocks-gallery-intrinsic kb-gallery-image-ratio-land31 kb-has-image-ratio-land31\" ><img loading=\"lazy\" decoding=\"async\" src=\"data:image\/svg+xml,%3Csvg%20xmlns='http:\/\/www.w3.org\/2000\/svg'%20viewBox='0%200%201000%20667'%3E%3C\/svg%3E\"  data-splide-lazy=\"https:\/\/vrbaukonzept.de\/wp-content\/uploads\/2026\/03\/house_panorama_3000x1000-scaled.jpg\" width=\"2560\" height=\"853\" alt=\"\" data-full-image=\"https:\/\/vrbaukonzept.de\/wp-content\/uploads\/2026\/03\/house_panorama_3000x1000-scaled.jpg\" data-light-image=\"https:\/\/vrbaukonzept.de\/wp-content\/uploads\/2026\/03\/house_panorama_3000x1000-scaled.jpg\" data-splide-lazy-srcset=\"https:\/\/vrbaukonzept.de\/wp-content\/uploads\/2026\/03\/house_panorama_3000x1000-scaled.jpg 2560w, https:\/\/vrbaukonzept.de\/wp-content\/uploads\/2026\/03\/house_panorama_3000x1000-300x100.jpg 300w, https:\/\/vrbaukonzept.de\/wp-content\/uploads\/2026\/03\/house_panorama_3000x1000-1024x341.jpg 1024w, https:\/\/vrbaukonzept.de\/wp-content\/uploads\/2026\/03\/house_panorama_3000x1000-768x256.jpg 768w, https:\/\/vrbaukonzept.de\/wp-content\/uploads\/2026\/03\/house_panorama_3000x1000-1536x512.jpg 1536w, https:\/\/vrbaukonzept.de\/wp-content\/uploads\/2026\/03\/house_panorama_3000x1000-2048x683.jpg 2048w\" sizes=\"auto, (max-width: 2560px) 100vw, 2560px\"data-id=\"1753\" class=\"wp-image-1753 skip-lazy\"\/><\/div><div class=\"kadence-blocks-gallery-item__caption\">Neubau<\/div><\/div><\/figure><\/div><\/div><\/li><\/ul><\/div><\/div><\/div><\/div><\/div>\n<\/div>\n<\/div><\/div>\n\n<\/div><\/div>\n\n<style>.kadence-column4_0b8c2b-38{max-width:1296px;margin-left:auto;margin-right:auto;}.wp-block-kadence-column.kb-section-dir-horizontal:not(.kb-section-md-dir-vertical)>.kt-inside-inner-col>.kadence-column4_0b8c2b-38{-webkit-flex:0 1 1296px;flex:0 1 1296px;max-width:unset;margin-left:unset;margin-right:unset;}.kadence-column4_0b8c2b-38 > .kt-inside-inner-col{padding-right:var(--global-kb-spacing-lg, 3rem);padding-left:var(--global-kb-spacing-lg, 3rem);}.kadence-column4_0b8c2b-38 > .kt-inside-inner-col,.kadence-column4_0b8c2b-38 > .kt-inside-inner-col:before{border-top-left-radius:0px;border-top-right-radius:0px;border-bottom-right-radius:0px;border-bottom-left-radius:0px;}.kadence-column4_0b8c2b-38 > .kt-inside-inner-col{column-gap:var(--global-kb-gap-sm, 1rem);}.kadence-column4_0b8c2b-38 > .kt-inside-inner-col{flex-direction:column;}.kadence-column4_0b8c2b-38 > .kt-inside-inner-col > .aligncenter{width:100%;}.kadence-column4_0b8c2b-38 > .kt-inside-inner-col:before{opacity:0.3;}.kadence-column4_0b8c2b-38{position:relative;}.kadence-column4_0b8c2b-38, .kt-inside-inner-col > .kadence-column4_0b8c2b-38:not(.specificity){margin-bottom:var(--global-kb-spacing-xl, 4rem);}@media all and (min-width: 1025px){.wp-block-kadence-column.kb-section-dir-horizontal>.kt-inside-inner-col>.kadence-column4_0b8c2b-38{-webkit-flex:0 1 1296px;flex:0 1 1296px;max-width:unset;margin-left:unset;margin-right:unset;}}@media all and (max-width: 1024px){.kadence-column4_0b8c2b-38 > .kt-inside-inner-col{padding-right:var(--global-kb-spacing-sm, 1.5rem);padding-left:var(--global-kb-spacing-sm, 1.5rem);flex-direction:column;justify-content:center;}}@media all and (max-width: 767px){.kadence-column4_0b8c2b-38 > .kt-inside-inner-col{padding-right:var(--global-kb-spacing-xs, 1rem);padding-left:var(--global-kb-spacing-xs, 1rem);flex-direction:column;justify-content:center;}.wp-block-kadence-column.kb-section-sm-dir-vertical:not(.kb-section-sm-dir-horizontal):not(.kb-section-sm-dir-specificity)>.kt-inside-inner-col>.kadence-column4_0b8c2b-38{max-width:1296px;-webkit-flex:1;flex:1;margin-left:auto;margin-right:auto;}}<\/style>\n<div class=\"wp-block-kadence-column kadence-column4_0b8c2b-38\"><div class=\"kt-inside-inner-col\">\n<div class=\"wp-block-columns is-layout-flex wp-container-core-columns-is-layout-9d6595d7 wp-block-columns-is-layout-flex\">\n<div class=\"wp-block-column is-layout-flow wp-block-column-is-layout-flow\" style=\"padding-top:0;padding-right:0;padding-bottom:0;padding-left:0\"><style>.wp-block-kadence-advancedheading.kt-adv-heading4_de18ed-1c, .wp-block-kadence-advancedheading.kt-adv-heading4_de18ed-1c[data-kb-block=\"kb-adv-heading4_de18ed-1c\"]{font-style:normal;}.wp-block-kadence-advancedheading.kt-adv-heading4_de18ed-1c mark.kt-highlight, .wp-block-kadence-advancedheading.kt-adv-heading4_de18ed-1c[data-kb-block=\"kb-adv-heading4_de18ed-1c\"] mark.kt-highlight{font-style:normal;color:#f76a0c;-webkit-box-decoration-break:clone;box-decoration-break:clone;padding-top:0px;padding-right:0px;padding-bottom:0px;padding-left:0px;}.wp-block-kadence-advancedheading.kt-adv-heading4_de18ed-1c img.kb-inline-image, .wp-block-kadence-advancedheading.kt-adv-heading4_de18ed-1c[data-kb-block=\"kb-adv-heading4_de18ed-1c\"] img.kb-inline-image{width:150px;vertical-align:baseline;}<\/style>\n<h1 class=\"kt-adv-heading4_de18ed-1c wp-block-kadence-advancedheading has-theme-palette-14-color has-text-color\" data-kb-block=\"kb-adv-heading4_de18ed-1c\">VR Baukonzept<strong> <\/strong><\/h1>\n\n\n\n<h2 class=\"wp-block-heading\">Langfristig denken \u2013 langlebig bauen<\/h2>\n\n\n\n<p>VR Baukonzept steht f\u00fcr solides Handwerk, durchdachte Renovierungs- und Neubaukonzepte sowie eine zuverl\u00e4ssige Umsetzung.<\/p>\n\n\n\n<p>Besonderes Augenmerk legen wir dabei auf wirtschaftlich tragf\u00e4hige L\u00f6sungen, gerade auch im Bereich Sanierung.<br>Durch unsere praxisorientierte Planung, realistische Einsch\u00e4tzung und jahrzehntelange handwerkliche Erfahrung entstehen funktionale und langlebige L\u00f6sungen mit \u00f6konomischem Augenma\u00df.<br>Ohne Kompromisse bei Qualit\u00e4t und Ausf\u00fchrung.<\/p>\n\n\n\n<p><strong>Neugierig geworden?<br>Nehmen Sie Kontakt mit uns auf!<\/strong><\/p>\n\n\n<style>.wp-block-kadence-advancedbtn.kb-btns4_acb6bd-5c{gap:var(--global-kb-gap-xs, 0.5rem );justify-content:flex-start;align-items:center;}.kt-btns4_acb6bd-5c .kt-button{font-weight:normal;font-style:normal;}.kt-btns4_acb6bd-5c .kt-btn-wrap-0{margin-right:5px;}.wp-block-kadence-advancedbtn.kt-btns4_acb6bd-5c .kt-btn-wrap-0 .kt-button{color:#555555;border-color:#555555;}.wp-block-kadence-advancedbtn.kt-btns4_acb6bd-5c .kt-btn-wrap-0 .kt-button:hover, .wp-block-kadence-advancedbtn.kt-btns4_acb6bd-5c .kt-btn-wrap-0 .kt-button:focus{color:#ffffff;border-color:#444444;}.wp-block-kadence-advancedbtn.kt-btns4_acb6bd-5c .kt-btn-wrap-0 .kt-button::before{display:none;}.wp-block-kadence-advancedbtn.kt-btns4_acb6bd-5c .kt-btn-wrap-0 .kt-button:hover, .wp-block-kadence-advancedbtn.kt-btns4_acb6bd-5c .kt-btn-wrap-0 .kt-button:focus{background:#444444;}<\/style>\n<div class=\"wp-block-kadence-advancedbtn kb-buttons-wrap kb-btns4_acb6bd-5c\"><style>ul.menu .wp-block-kadence-advancedbtn .kb-btn4_80eb44-f0.kb-button{width:initial;}.wp-block-kadence-advancedbtn .kb-btn4_80eb44-f0.kb-button{color:var(--global-palette9, #ffffff);background:var(--global-palette14, #3182CE);border-top-left-radius:8px;border-top-right-radius:8px;border-bottom-right-radius:8px;border-bottom-left-radius:8px;box-shadow:0px 0px 6px 2px rgba(0, 0, 0, 0.2);}.kb-btn4_80eb44-f0.kb-button .kb-svg-icon-wrap{padding-right:0px;font-size:28px;--kb-button-icon-size:28px;}.wp-block-kadence-advancedbtn .kb-btn4_80eb44-f0.kb-button:hover, .wp-block-kadence-advancedbtn .kb-btn4_80eb44-f0.kb-button:focus{color:var(--global-palette9, #ffffff);background:var(--global-palette14, #3182CE);box-shadow:inset 0px 0px 6px 3px rgba(0, 0, 0, 0.4);}@media all and (max-width: 1024px){.kb-btn4_80eb44-f0.kb-button .kb-svg-icon-wrap{padding-top:0px;padding-bottom:0px;padding-left:0px;font-size:28px;--kb-button-icon-size:28px;}}@media all and (max-width: 767px){.kb-btn4_80eb44-f0.kb-button .kb-svg-icon-wrap{padding-right:0px;padding-left:0px;}}<\/style><a class=\"kb-button kt-button button kb-btn4_80eb44-f0 kt-btn-size-standard kt-btn-width-type-auto kb-btn-global-fill  kt-btn-has-text-true kt-btn-has-svg-true  wp-block-kadence-singlebtn\" href=\"https:\/\/vrbaukonzept.de\/index.php\/kontakt\/\"><span class=\"kt-btn-inner-text\">Kontakt<\/span><span class=\"kb-svg-icon-wrap kb-svg-icon-fe_messageCircle kt-btn-icon-side-right\"><svg viewBox=\"0 0 24 24\"  fill=\"none\" stroke=\"currentColor\" stroke-width=\"2\" stroke-linecap=\"round\" stroke-linejoin=\"round\" xmlns=\"http:\/\/www.w3.org\/2000\/svg\"  aria-hidden=\"true\"><path d=\"M21 11.5a8.38 8.38 0 0 1-.9 3.8 8.5 8.5 0 0 1-7.6 4.7 8.38 8.38 0 0 1-3.8-.9L3 21l1.9-5.7a8.38 8.38 0 0 1-.9-3.8 8.5 8.5 0 0 1 4.7-7.6 8.38 8.38 0 0 1 3.8-.9h.5a8.48 8.48 0 0 1 8 8v.5z\"\/><\/svg><\/span><\/a><\/div>\n<\/div>\n<\/div>\n<\/div><\/div>\n\n\n\n<p><\/p>\n","protected":false},"excerpt":{"rendered":"<p>VR Baukonzept Langfristig denken \u2013 langlebig bauen VR Baukonzept steht f\u00fcr solides Handwerk, durchdachte Renovierungs- und Neubaukonzepte sowie eine zuverl\u00e4ssige Umsetzung. Besonderes Augenmerk legen wir dabei auf wirtschaftlich tragf\u00e4hige L\u00f6sungen, gerade auch im Bereich Sanierung.Durch unsere praxisorientierte Planung, realistische Einsch\u00e4tzung und jahrzehntelange handwerkliche Erfahrung entstehen funktionale und langlebige L\u00f6sungen mit \u00f6konomischem Augenma\u00df.Ohne Kompromisse bei Qualit\u00e4t&#8230;<\/p>\n","protected":false},"author":1,"featured_media":0,"parent":0,"menu_order":0,"comment_status":"closed","ping_status":"closed","template":"","meta":{"_kadence_starter_templates_imported_post":true,"_kad_post_transparent":"default","_kad_post_title":"default","_kad_post_layout":"fullwidth","_kad_post_sidebar_id":"","_kad_post_content_style":"unboxed","_kad_post_vertical_padding":"hide","_kad_post_feature":"","_kad_post_feature_position":"","_kad_post_header":false,"_kad_post_footer":false,"_kad_post_classname":"","footnotes":""},"class_list":["post-4","page","type-page","status-publish","hentry"],"_links":{"self":[{"href":"https:\/\/vrbaukonzept.de\/index.php\/wp-json\/wp\/v2\/pages\/4","targetHints":{"allow":["GET"]}}],"collection":[{"href":"https:\/\/vrbaukonzept.de\/index.php\/wp-json\/wp\/v2\/pages"}],"about":[{"href":"https:\/\/vrbaukonzept.de\/index.php\/wp-json\/wp\/v2\/types\/page"}],"author":[{"embeddable":true,"href":"https:\/\/vrbaukonzept.de\/index.php\/wp-json\/wp\/v2\/users\/1"}],"replies":[{"embeddable":true,"href":"https:\/\/vrbaukonzept.de\/index.php\/wp-json\/wp\/v2\/comments?post=4"}],"version-history":[{"count":41,"href":"https:\/\/vrbaukonzept.de\/index.php\/wp-json\/wp\/v2\/pages\/4\/revisions"}],"predecessor-version":[{"id":1932,"href":"https:\/\/vrbaukonzept.de\/index.php\/wp-json\/wp\/v2\/pages\/4\/revisions\/1932"}],"wp:attachment":[{"href":"https:\/\/vrbaukonzept.de\/index.php\/wp-json\/wp\/v2\/media?parent=4"}],"curies":[{"name":"wp","href":"https:\/\/api.w.org\/{rel}","templated":true}]}}